{"id":217576,"date":"2023-02-23T12:12:30","date_gmt":"2023-02-23T11:12:30","guid":{"rendered":"https:\/\/fribourg.ch\/?page_id=217576"},"modified":"2026-04-07T09:47:06","modified_gmt":"2026-04-07T07:47:06","slug":"fribourgch","status":"publish","type":"page","link":"https:\/\/fribourg.ch\/fr\/","title":{"rendered":"Fribourg"},"content":{"rendered":"<div class=\"gblock fribourgch-home-banner\">\n\n        <div class=\"logo\"><img decoding=\"async\" src=\"https:\/\/fribourg.ch\/wp-content\/themes\/understrap-child-master\/images\/logos\/logo-fribourg-v-fr.svg\" \/><\/div>\n        \n        <video class=\"\" autoplay=\"\" muted=\"\" loop=\"\" playsinline=\"\" id=\"progVimeo\"><source src=\"https:\/\/media.ffycdn.net\/eu\/fribourg-region\/vMQBJB8uFm9rMH69cbnP.mp4?format=mp4\" type=\"video\/mp4\"><\/video>\n        <div id=\"scroll2Content\"><i class=\"fa fa-angle-down\" aria-hidden=\"true\"><\/i><\/div>\n    <script>document.addEventListener(\"DOMContentLoaded\",function(event){jQuery('.gblock.fribourgch-home-banner #scroll2Content').on('click',function(){jQuery([document.documentElement,document.body]).animate({scrollTop:jQuery(\"#skip-top\").offset().top}, 1000);return false;});});<\/script>\n\n<\/div>\n<div id=\"skip-top\"><\/div>\n<style>\n#home-banner-mb-block-cb2a2303-e15b-47a6-ac11-2df91c90c1a4.carousel .carousel-inner .carousel-item:before {\n    display:none;\n}\n<\/style>\n\n\t\t<style>\n\t\t#gblock-menu-slider ul.nav {\n\t\t\tdisplay: flex;\n\t\t\tlist-style-type: none;\n\t\t}\n\t<\/style>\n\t\t\n\t<div id=\"gblock-menu-slider\"><\/div>\n\t\n\n<div id=\"gblock-home-gallery-mb-block-ef416e3d-773a-4908-96e3-cdc3f1e0e9e5\" class=\"glock home-gallery carousel mainCarousel slide\" data-interval=\"3000\" data-keyboard=\"true\" data-pause=\"hover\"\n     data-ride=\"carousel\" data-wrap=\"true\">\n        <div class=\"carousel-inner\">\n                    <div class=\"carousel-item active\">\n                <img decoding=\"async\" src=\"https:\/\/fribourg.ch\/wp-content\/uploads\/2026\/03\/26Pr-D-\u00a9-UFTFTV-Murten_Ref.MU_12.06.2024_04.jpg\" class=\"d-none d-md-block\" \/>                                <img decoding=\"async\" src=\"https:\/\/fribourg.ch\/wp-content\/uploads\/2026\/03\/26Pr-M-\u00a9-UFTFTV-Murten_Ref.MU_12.06.2024_04.jpg\" class=\"d-block d-md-none\" \/>\n                <div class=\"carousel-item-infos\">\n                    <div class=\"carousel-item-title\">\n                        Le printemps dans la R\u00e9gion de Fribourg                    <\/div>\n                    <div class=\"carousel-item-text d-none d-md-block\">\n                                            <\/div>\n                                            <a href=\"https:\/\/fribourg.ch\/fr\/activites-printemps\/\" class=\"btn btn-light\">Choisir une activit\u00e9<\/a>\n                                    <\/div>\n                                                    <div class=\"copyright\">\u00a9 UFT\/FTV<\/div>\n                            <\/div>\n                    <div class=\"carousel-item \">\n                <img decoding=\"async\" src=\"https:\/\/fribourg.ch\/wp-content\/uploads\/2025\/05\/Lepreuve_Stills_Audrey-2-1.jpg\" class=\"d-none d-md-block\" \/>                                <img decoding=\"async\" src=\"https:\/\/fribourg.ch\/wp-content\/uploads\/2025\/06\/Lepreuve_Stills_Audrey-2-1-edited.jpg\" class=\"d-block d-md-none\" \/>\n                <div class=\"carousel-item-infos\">\n                    <div class=\"carousel-item-title\">\n                        Les coups de \ud83d\udda4 d&rsquo;Audrey Werro                    <\/div>\n                    <div class=\"carousel-item-text d-none d-md-block\">\n                                            <\/div>\n                                            <a href=\"https:\/\/fribourg.ch\/fr\/ambassadrices\/audrey-werro\/\" class=\"btn btn-light\">D\u00e9couvrir<\/a>\n                                    <\/div>\n                                            <\/div>\n            <\/div> <!-- \/.carousel-inner \/\/-->\n        <div class=\"carousel-control\">\n        <a class=\"carousel-control-prev\" href=\"#gblock-home-gallery-mb-block-ef416e3d-773a-4908-96e3-cdc3f1e0e9e5\" role=\"button\" data-slide=\"prev\">\n            <span class=\"carousel-control-prev-icon\" aria-hidden=\"true\"><\/span>\n            <span class=\"sr-only\">Previous<\/span>\n        <\/a>\n        <a class=\"carousel-control-next\" href=\"#gblock-home-gallery-mb-block-ef416e3d-773a-4908-96e3-cdc3f1e0e9e5\" role=\"button\" data-slide=\"next\">\n            <span class=\"carousel-control-next-icon\" aria-hidden=\"true\"><\/span>\n            <span class=\"sr-only\">Next<\/span>\n        <\/a>\n    <\/div>\n    <\/div>\n<style>\n#gblock-home-gallery-mb-block-ef416e3d-773a-4908-96e3-cdc3f1e0e9e5 .carousel-item {\n    position: relative;\n}\n#gblock-home-gallery-mb-block-ef416e3d-773a-4908-96e3-cdc3f1e0e9e5 .carousel-item-infos {\n    padding: 10px 20px;\n    position: absolute;\n    bottom: 50px;\n    left: 50px;\n    width: calc( 60% - 50px );\n    color: #fff;\n    background: rgba( 0,0,0, 0.3 );\n}\n#gblock-home-gallery-mb-block-ef416e3d-773a-4908-96e3-cdc3f1e0e9e5 a.btn {\n    margin-top: 30px;\n}\n#gblock-home-gallery-mb-block-ef416e3d-773a-4908-96e3-cdc3f1e0e9e5:after {\n    display: none;\n}\n<\/style>\n\n\n\n<div id=\"h-tourisme\" class=\"wp-block-group container-fluid alignfull bg-white p-0 p-lg-5 pb-5\"><div class=\"wp-block-group__inner-container is-layout-constrained wp-block-group-is-layout-constrained\">\n<div class=\"wp-block-columns container is-layout-flex wp-container-core-columns-is-layout-1 wp-block-columns-is-layout-flex\">\n<div class=\"wp-block-column is-layout-flow wp-block-column-is-layout-flow\" style=\"flex-basis:100%\">\n<h2 class=\"wp-block-heading bg-white\" id=\"h-region-de-fribourg\">R\u00e9gion de Fribourg<\/h2>\n<\/div>\n<\/div>\n\n\n\n<div class=\"wp-block-columns container is-layout-flex wp-container-core-columns-is-layout-2 wp-block-columns-is-layout-flex\">\n<div class=\"wp-block-column is-vertically-aligned-center is-layout-flow wp-block-column-is-layout-flow\" style=\"flex-basis:35%\">\n<div class=\"wp-block-group is-vertical is-content-justification-left is-nowrap is-layout-flex wp-container-core-group-is-layout-1 wp-block-group-is-layout-flex\">\n<p>Explorez le canton de Fribourg et laissez-vous surprendre par la diversit\u00e9 de ses paysages, de ses traditions et de son art de vivre.<\/p>\n\n\n\n<figure class=\"wp-block-image size-large\"><img decoding=\"async\" src=\"https:\/\/stg-preprodweb22-preprodtest.kinsta.cloud\/wp-content\/uploads\/2026\/01\/destinations-minimap-ch-1024x724.png\" alt=\"\" class=\"wp-image-436538\"\/><\/figure>\n<\/div>\n<\/div>\n\n\n\n<div class=\"wp-block-column is-layout-flow wp-block-column-is-layout-flow\" style=\"flex-basis:55%\"><div id=\"carousel-region-fribourg-6566\" class=\"carousel-region-fribourg swiper\">\n  <div class=\"swiper-wrapper\">\n      <\/div>\n  <div class=\"swiper-pagination\"><\/div>\n<\/div>\n<style>\n\n#carousel-region-fribourg-6566 .swiper-slide a { display:inline-block;width:100%;height:100%; }\n#carousel-region-fribourg-6566 { position:relative; padding-bottom:70px; \/* margin:30px 0; *\/ overflow:hidden; \/*clip-path: inset(-100vw -100vw -100vw 0);*\/ }\n#carousel-region-fribourg-6566 .swiper-wrapper { height:auto; }\n#carousel-region-fribourg-6566 .swiper-slide { height:450px; }\n#carousel-region-fribourg-6566 .swiper-slide img { height: 100%; width: 100%; object-fit: cover; }\n#carousel-region-fribourg-6566 .copyright { right:20px; }\n#carousel-region-fribourg-6566 .swiper-pagination-bullet { width:12px; height:12px; margin: 0 8px; border: solid 1px #000; background-color: #000; opacity:1 }\n#carousel-region-fribourg-6566 .swiper-pagination-bullet-active { background-color: #fff; }\n@media (max-width: 575px) {\n    #carousel-region-fribourg-6566 .swiper-slide { height:250px; }\n    #carousel-region-fribourg-6566 { padding-bottom:50px; }\n    #carousel-region-fribourg-6566 .swiper-pagination-bullet { width:10px; height:10px; margin: 0 4px; }\n}\nmedia \n<\/style>\n\n<\/div>\n<\/div>\n\n\n\n<div class=\"wp-block-group is-content-justification-center is-nowrap is-layout-flex wp-container-core-group-is-layout-2 wp-block-group-is-layout-flex\"><div id=\"link-btn-mb-block-47bef846-9071-4a08-b895-7e357ba11cc0\" class=\"gblock link-btn m-0\">\n\t<a href=\"https:\/\/fribourg.ch\/fr\/tourisme\/\" class=\"btn btn-small\" >D\u00e9couvrir<\/a>\n<\/div>\n<\/div>\n<\/div><\/div>\n\n\n\n<div id=\"h-tourisme\" class=\"wp-block-group container-fluid alignfull bg-white p-0 p-lg-5 block-visibility-hide-large-screen block-visibility-hide-medium-screen block-visibility-hide-small-screen\"><div class=\"wp-block-group__inner-container is-layout-constrained wp-block-group-is-layout-constrained\">\n<div class=\"wp-block-columns container is-layout-flex wp-container-core-columns-is-layout-3 wp-block-columns-is-layout-flex\">\n<div class=\"wp-block-column is-vertically-aligned-center is-layout-flow wp-block-column-is-layout-flow\" style=\"flex-basis:10%\"><\/div>\n\n\n\n<div class=\"wp-block-column is-vertically-aligned-center is-layout-flow wp-block-column-is-layout-flow\" style=\"flex-basis:35%\">\n<div class=\"wp-block-group is-vertical is-content-justification-left is-nowrap is-layout-flex wp-container-core-group-is-layout-4 wp-block-group-is-layout-flex\">\n<h2 class=\"wp-block-heading\" id=\"h-tourisme-region-de-fribourg\">Tourisme | R\u00e9gion de Fribourg<\/h2>\n\n\n\n<p>La r\u00e9gion touristique fribourgeoise vous propose d\u2019inoubliables exp\u00e9riences\u2026 Lac, ville ou montagne, d\u00e9couvrez une vraie terre de valeurs\u202f! Entre gastronomie, traditions, randonn\u00e9es et incontournables, laissez-vous inspirer par la visite de notre site, en cliquant sur le bouton ci-dessous, pour voir l\u2019offre cantonale ou s\u00e9lectionnez une r\u00e9gion \u00e0 droite pour en voir son contenu.<\/p>\n\n\n<div id=\"link-btn-mb-block-5c1aae22-8c08-4d9d-bf2b-728ce8ab4855\" class=\"gblock link-btn \">\n\t<a href=\"\/fr\/tourisme\/\" class=\"btn btn-small\" >D\u00e9couvrir les offres cantonales<\/a>\n<\/div>\n<\/div>\n<\/div>\n\n\n\n<div class=\"wp-block-column is-layout-flow wp-block-column-is-layout-flow\" style=\"flex-basis:55%\">\n<h3 class=\"wp-block-heading has-text-align-center d-block d-lg-none\" id=\"h-choisissez-une-region\">Choisissez une r\u00e9gion<\/h3>\n\n\n\n  <div>\n              <img decoding=\"async\" src=\"https:\/\/fribourg.ch\/wp-content\/themes\/understrap-child-master\/blocks\/map-regions\/mini-map-regions.png\" loading=\"lazy\" alt=\"\" \/>\n      <\/div>\n\n<\/div>\n<\/div>\n<\/div><\/div>\n\n\n\n<div id=\"h-terroir\" class=\"wp-block-group\"><div class=\"wp-block-group__inner-container is-layout-constrained wp-block-group-is-layout-constrained\"><div id=\"gblock-link-to-page-mb-block-44747ccc-332d-4385-a5df-91b7aae382ce\" class=\"gblock link-to-page container \">\n    <h2>Terroir Fribourg<\/h2>\n    <div class=\"desc\">\n        <p>Impossible de passer \u00e0 c\u00f4t\u00e9 des sp\u00e9cialit\u00e9s culinaires du canton de Fribourg. De la Cuchaule AOP aux meringues double cr\u00e8me, en passant par l\u2019incontournable fondue moiti\u00e9-moiti\u00e9, Fribourg regorge d\u2019une richesse gastronomique.<\/p>\n        <a class=\"btn\" href=\"https:\/\/fribourg.ch\/de\/terroir-fribourg\/\">D\u00e9couvrir<\/a>\n    <\/div>\n    <div class=\"img\">\n                <img decoding=\"async\" src=\"https:\/\/fribourg.ch\/wp-content\/uploads\/2022\/10\/DSC00306.jpg\" srcset=\"https:\/\/fribourg.ch\/wp-content\/uploads\/2022\/10\/DSC00306-300x188.jpg 300w, https:\/\/fribourg.ch\/wp-content\/uploads\/2022\/10\/DSC00306-768x480.jpg 768w, https:\/\/fribourg.ch\/wp-content\/uploads\/2022\/10\/DSC00306.jpg 864w\" ?>\n                            <div class=\"copyright\">\u00a9 UFT\/FTV<\/div>\n            <\/div>\n<\/div><\/div><\/div>\n\n\n\n<div id=\"h-economie\" class=\"wp-block-group\"><div class=\"wp-block-group__inner-container is-layout-constrained wp-block-group-is-layout-constrained\"><div id=\"gblock-link-to-page-mb-block-c1524e40-00cb-43e5-a62f-02e5da59b113\" class=\"gblock link-to-page container \">\n    <h2>Economie<\/h2>\n    <div class=\"desc\">\n        <p>Nombreux sont les atouts du canton de Fribourg pour les entreprises. Population la plus jeune de Suisse, main d\u2019\u0153uvre tr\u00e8s qualifi\u00e9e, environnement bilingue, terrains disponibles en nombre et fiscalit\u00e9 comp\u00e9titive font du canton de Fribourg un lieu d\u2019implantation et de d\u00e9veloppement id\u00e9al.<\/p>\n        <a class=\"btn\" href=\"https:\/\/fribourg.ch\/fr\/economie\/\">D\u00e9couvrir<\/a>\n    <\/div>\n    <div class=\"img\">\n                <img decoding=\"async\" src=\"https:\/\/fribourg.ch\/wp-content\/uploads\/2025\/12\/2020_UCB-FNF_FR1.jpg\" srcset=\"https:\/\/fribourg.ch\/wp-content\/uploads\/2025\/12\/2020_UCB-FNF_FR1-300x169.jpg 300w, https:\/\/fribourg.ch\/wp-content\/uploads\/2025\/12\/2020_UCB-FNF_FR1-1024x576.jpg 1024w, https:\/\/fribourg.ch\/wp-content\/uploads\/2025\/12\/2020_UCB-FNF_FR1-768x432.jpg 768w, https:\/\/fribourg.ch\/wp-content\/uploads\/2025\/12\/2020_UCB-FNF_FR1-1536x864.jpg 1536w, https:\/\/fribourg.ch\/wp-content\/uploads\/2025\/12\/2020_UCB-FNF_FR1-2048x1152.jpg 2048w\" ?>\n                    <\/div>\n<\/div><\/div><\/div>\n\n\n\n<div id=\"h-sport\" class=\"wp-block-group\"><div class=\"wp-block-group__inner-container is-layout-constrained wp-block-group-is-layout-constrained\"><div id=\"gblock-link-to-page-mb-block-f61eac0d-2136-4c6a-bd2b-1eb9adbd9d77\" class=\"gblock link-to-page container \">\n    <h2>Sport<\/h2>\n    <div class=\"desc\">\n        <p>Fribourg se distingue par ses athl\u00e8tes d\u2019une renomm\u00e9e nationale et internationale, ainsi que par des clubs sportifs de haut niveau.<\/p>\n        <a class=\"btn\" href=\"https:\/\/fribourg.ch\/fr\/sport\/\">D\u00e9couvrir<\/a>\n    <\/div>\n    <div class=\"img\">\n                <img decoding=\"async\" src=\"https:\/\/fribourg.ch\/wp-content\/uploads\/2025\/12\/040323_AdrienPerritaz_23441.jpg\" srcset=\"https:\/\/fribourg.ch\/wp-content\/uploads\/2025\/12\/040323_AdrienPerritaz_23441-300x169.jpg 300w, https:\/\/fribourg.ch\/wp-content\/uploads\/2025\/12\/040323_AdrienPerritaz_23441-1024x576.jpg 1024w, https:\/\/fribourg.ch\/wp-content\/uploads\/2025\/12\/040323_AdrienPerritaz_23441-768x432.jpg 768w, https:\/\/fribourg.ch\/wp-content\/uploads\/2025\/12\/040323_AdrienPerritaz_23441-1536x864.jpg 1536w, https:\/\/fribourg.ch\/wp-content\/uploads\/2025\/12\/040323_AdrienPerritaz_23441.jpg 1920w\" ?>\n                    <\/div>\n<\/div><\/div><\/div>\n\n\n\n<div id=\"h-formation\" class=\"wp-block-group\"><div class=\"wp-block-group__inner-container is-layout-constrained wp-block-group-is-layout-constrained\"><div id=\"gblock-link-to-page-mb-block-844125e2-278a-49b1-b770-085c257adac6\" class=\"gblock link-to-page container \">\n    <h2>Formation<\/h2>\n    <div class=\"desc\">\n        <p>Renomm\u00e9e pour son bilinguisme et pour sa vie estudiantine, Fribourg propose un large choix de formations de qualit\u00e9.<\/p>\n        <a class=\"btn\" href=\"https:\/\/fribourg.ch\/fr\/formation\/\">D\u00e9couvrir<\/a>\n    <\/div>\n    <div class=\"img\">\n                <img decoding=\"async\" src=\"https:\/\/fribourg.ch\/wp-content\/uploads\/2025\/12\/JP6_0189-11.jpg\" srcset=\"https:\/\/fribourg.ch\/wp-content\/uploads\/2025\/12\/JP6_0189-11-300x200.jpg 300w, https:\/\/fribourg.ch\/wp-content\/uploads\/2025\/12\/JP6_0189-11-1024x683.jpg 1024w, https:\/\/fribourg.ch\/wp-content\/uploads\/2025\/12\/JP6_0189-11-768x512.jpg 768w, https:\/\/fribourg.ch\/wp-content\/uploads\/2025\/12\/JP6_0189-11-1536x1024.jpg 1536w, https:\/\/fribourg.ch\/wp-content\/uploads\/2025\/12\/JP6_0189-11.jpg 1920w\" ?>\n                    <\/div>\n<\/div><\/div><\/div>\n\n\n\n<div id=\"h-culture\" class=\"wp-block-group\"><div class=\"wp-block-group__inner-container is-layout-constrained wp-block-group-is-layout-constrained\"><div id=\"gblock-link-to-page-mb-block-272b0579-eab5-45b5-9f94-9bd0bffdb150\" class=\"gblock link-to-page container \">\n    <h2>Culture<\/h2>\n    <div class=\"desc\">\n        <p>Le canton de Fribourg poss\u00e8de une vie culturelle dynamique, avec de nombreux talents, lieux et manifestations de haute qualit\u00e9.<\/p>\n        <a class=\"btn\" href=\"https:\/\/fribourg.ch\/fr\/culture\/\">D\u00e9couvrir<\/a>\n    <\/div>\n    <div class=\"img\">\n                <img decoding=\"async\" src=\"https:\/\/fribourg.ch\/wp-content\/uploads\/2021\/07\/06104.jpg\" srcset=\"https:\/\/fribourg.ch\/wp-content\/uploads\/2021\/07\/06104-300x169.jpg 300w, https:\/\/fribourg.ch\/wp-content\/uploads\/2021\/07\/06104-1024x576.jpg 1024w, https:\/\/fribourg.ch\/wp-content\/uploads\/2021\/07\/06104-768x432.jpg 768w, https:\/\/fribourg.ch\/wp-content\/uploads\/2021\/07\/06104-1536x864.jpg 1536w, https:\/\/fribourg.ch\/wp-content\/uploads\/2021\/07\/06104.jpg 1920w\" ?>\n                            <div class=\"copyright\">\u00a9 Pascal Gertschen<\/div>\n            <\/div>\n<\/div><\/div><\/div>\n","protected":false},"excerpt":{"rendered":"<p>R\u00e9gion de Fribourg Explorez le canton de Fribourg et laissez-vous surprendre par la diversit\u00e9 de ses paysages, de ses traditions et de son art de vivre. Tourisme | R\u00e9gion de Fribourg La r\u00e9gion touristique fribourgeoise vous propose d\u2019inoubliables exp\u00e9riences\u2026 Lac, ville ou montagne, d\u00e9couvrez une vraie terre de valeurs\u202f! Entre gastronomie, traditions, randonn\u00e9es et incontournables, [&#8230;]<\/p>\n<p><a class=\"btn btn-secondary understrap-read-more-link\" href=\"https:\/\/fribourg.ch\/fr\/\">Lire la suite&#8230;<\/a><\/p>\n","protected":false},"author":1,"featured_media":0,"parent":0,"menu_order":0,"comment_status":"closed","ping_status":"closed","template":"template-fribourgissima.php","meta":{"footnotes":""},"region":[1060],"class_list":["post-217576","page","type-page","status-publish","hentry","region-fribourgissima"],"yoast_head":"<!-- This site is optimized with the Yoast SEO Premium plugin v23.5 (Yoast SEO v23.5) - https:\/\/yoast.com\/wordpress\/plugins\/seo\/ -->\n<title>Fribourg | Terre de valeurs<\/title>\n<meta name=\"description\" content=\"De la gastronomie \u00e0 l\u2019\u00e9conomie, en passant par le tourisme, la culture et le sport, Fribourg est une terre de valeurs.\" \/>\n<meta name=\"robots\" content=\"index, follow, max-snippet:-1, max-image-preview:large, max-video-preview:-1\" \/>\n<link rel=\"canonical\" href=\"https:\/\/fribourg.ch\/fr\/\" \/>\n<meta property=\"og:locale\" content=\"fr_FR\" \/>\n<meta property=\"og:type\" content=\"article\" \/>\n<meta property=\"og:title\" content=\"Fribourg\" \/>\n<meta property=\"og:description\" content=\"De la gastronomie \u00e0 l\u2019\u00e9conomie, en passant par le tourisme, la culture et le sport, Fribourg est une terre de valeurs.\" \/>\n<meta property=\"og:url\" content=\"https:\/\/fribourg.ch\/fr\/\" \/>\n<meta property=\"og:site_name\" content=\"R\u00e9gion de Fribourg\" \/>\n<meta property=\"article:modified_time\" content=\"2026-04-07T07:47:06+00:00\" \/>\n<meta property=\"og:image\" content=\"https:\/\/stg-preprodweb22-preprodtest.kinsta.cloud\/wp-content\/uploads\/2026\/01\/destinations-minimap-ch-1024x724.png\" \/>\n<meta name=\"twitter:card\" content=\"summary_large_image\" \/>\n<meta name=\"twitter:label1\" content=\"Dur\u00e9e de lecture est.\" \/>\n\t<meta name=\"twitter:data1\" content=\"1 minute\" \/>\n<script type=\"application\/ld+json\" class=\"yoast-schema-graph\">{\"@context\":\"https:\/\/schema.org\",\"@graph\":[{\"@type\":\"WebPage\",\"@id\":\"https:\/\/fribourg.ch\/fr\/\",\"url\":\"https:\/\/fribourg.ch\/fr\/\",\"name\":\"Fribourg | Terre de valeurs\",\"isPartOf\":{\"@id\":\"https:\/\/fribourg.ch\/fr\/#website\"},\"primaryImageOfPage\":{\"@id\":\"https:\/\/fribourg.ch\/fr\/#primaryimage\"},\"image\":{\"@id\":\"https:\/\/fribourg.ch\/fr\/#primaryimage\"},\"thumbnailUrl\":\"https:\/\/stg-preprodweb22-preprodtest.kinsta.cloud\/wp-content\/uploads\/2026\/01\/destinations-minimap-ch-1024x724.png\",\"datePublished\":\"2023-02-23T11:12:30+00:00\",\"dateModified\":\"2026-04-07T07:47:06+00:00\",\"description\":\"De la gastronomie \u00e0 l\u2019\u00e9conomie, en passant par le tourisme, la culture et le sport, Fribourg est une terre de valeurs.\",\"breadcrumb\":{\"@id\":\"https:\/\/fribourg.ch\/fr\/#breadcrumb\"},\"inLanguage\":\"fr-FR\",\"potentialAction\":[{\"@type\":\"ReadAction\",\"target\":[\"https:\/\/fribourg.ch\/fr\/\"]}]},{\"@type\":\"ImageObject\",\"inLanguage\":\"fr-FR\",\"@id\":\"https:\/\/fribourg.ch\/fr\/#primaryimage\",\"url\":\"https:\/\/stg-preprodweb22-preprodtest.kinsta.cloud\/wp-content\/uploads\/2026\/01\/destinations-minimap-ch-1024x724.png\",\"contentUrl\":\"https:\/\/stg-preprodweb22-preprodtest.kinsta.cloud\/wp-content\/uploads\/2026\/01\/destinations-minimap-ch-1024x724.png\"},{\"@type\":\"BreadcrumbList\",\"@id\":\"https:\/\/fribourg.ch\/fr\/#breadcrumb\",\"itemListElement\":[{\"@type\":\"ListItem\",\"position\":1,\"name\":\"Home\",\"item\":\"https:\/\/fribourg.ch\/fr\/fribourgch\/\"},{\"@type\":\"ListItem\",\"position\":2,\"name\":\"Fribourg\"}]},{\"@type\":\"WebSite\",\"@id\":\"https:\/\/fribourg.ch\/fr\/#website\",\"url\":\"https:\/\/fribourg.ch\/fr\/\",\"name\":\"Fribourg\",\"description\":\"\",\"potentialAction\":[{\"@type\":\"SearchAction\",\"target\":{\"@type\":\"EntryPoint\",\"urlTemplate\":\"https:\/\/fribourg.ch\/fr\/?s={search_term_string}\"},\"query-input\":{\"@type\":\"PropertyValueSpecification\",\"valueRequired\":true,\"valueName\":\"search_term_string\"}}],\"inLanguage\":\"fr-FR\"}]}<\/script>\n<!-- \/ Yoast SEO Premium plugin. -->","yoast_head_json":{"title":"Fribourg | Terre de valeurs","description":"De la gastronomie \u00e0 l\u2019\u00e9conomie, en passant par le tourisme, la culture et le sport, Fribourg est une terre de valeurs.","robots":{"index":"index","follow":"follow","max-snippet":"max-snippet:-1","max-image-preview":"max-image-preview:large","max-video-preview":"max-video-preview:-1"},"canonical":"https:\/\/fribourg.ch\/fr\/","og_locale":"fr_FR","og_type":"article","og_title":"Fribourg","og_description":"De la gastronomie \u00e0 l\u2019\u00e9conomie, en passant par le tourisme, la culture et le sport, Fribourg est une terre de valeurs.","og_url":"https:\/\/fribourg.ch\/fr\/","og_site_name":"R\u00e9gion de Fribourg","article_modified_time":"2026-04-07T07:47:06+00:00","og_image":[{"url":"https:\/\/stg-preprodweb22-preprodtest.kinsta.cloud\/wp-content\/uploads\/2026\/01\/destinations-minimap-ch-1024x724.png"}],"twitter_card":"summary_large_image","twitter_misc":{"Dur\u00e9e de lecture est.":"1 minute"},"schema":{"@context":"https:\/\/schema.org","@graph":[{"@type":"WebPage","@id":"https:\/\/fribourg.ch\/fr\/","url":"https:\/\/fribourg.ch\/fr\/","name":"Fribourg | Terre de valeurs","isPartOf":{"@id":"https:\/\/fribourg.ch\/fr\/#website"},"primaryImageOfPage":{"@id":"https:\/\/fribourg.ch\/fr\/#primaryimage"},"image":{"@id":"https:\/\/fribourg.ch\/fr\/#primaryimage"},"thumbnailUrl":"https:\/\/stg-preprodweb22-preprodtest.kinsta.cloud\/wp-content\/uploads\/2026\/01\/destinations-minimap-ch-1024x724.png","datePublished":"2023-02-23T11:12:30+00:00","dateModified":"2026-04-07T07:47:06+00:00","description":"De la gastronomie \u00e0 l\u2019\u00e9conomie, en passant par le tourisme, la culture et le sport, Fribourg est une terre de valeurs.","breadcrumb":{"@id":"https:\/\/fribourg.ch\/fr\/#breadcrumb"},"inLanguage":"fr-FR","potentialAction":[{"@type":"ReadAction","target":["https:\/\/fribourg.ch\/fr\/"]}]},{"@type":"ImageObject","inLanguage":"fr-FR","@id":"https:\/\/fribourg.ch\/fr\/#primaryimage","url":"https:\/\/stg-preprodweb22-preprodtest.kinsta.cloud\/wp-content\/uploads\/2026\/01\/destinations-minimap-ch-1024x724.png","contentUrl":"https:\/\/stg-preprodweb22-preprodtest.kinsta.cloud\/wp-content\/uploads\/2026\/01\/destinations-minimap-ch-1024x724.png"},{"@type":"BreadcrumbList","@id":"https:\/\/fribourg.ch\/fr\/#breadcrumb","itemListElement":[{"@type":"ListItem","position":1,"name":"Home","item":"https:\/\/fribourg.ch\/fr\/fribourgch\/"},{"@type":"ListItem","position":2,"name":"Fribourg"}]},{"@type":"WebSite","@id":"https:\/\/fribourg.ch\/fr\/#website","url":"https:\/\/fribourg.ch\/fr\/","name":"Fribourg","description":"","potentialAction":[{"@type":"SearchAction","target":{"@type":"EntryPoint","urlTemplate":"https:\/\/fribourg.ch\/fr\/?s={search_term_string}"},"query-input":{"@type":"PropertyValueSpecification","valueRequired":true,"valueName":"search_term_string"}}],"inLanguage":"fr-FR"}]}},"meta_box":{"campaign_region":"","slider-header-label":"","slider-header-title":"","slider-header-pictures":[],"slides":[],"page-link":false,"description":false,"button_text":false,"image":false,"wp_menu_id":false,"max":false,"custom_slug":"fribourgch","vignette_homepage":[]},"_links":{"self":[{"href":"https:\/\/fribourg.ch\/fr\/wp-json\/wp\/v2\/pages\/217576"}],"collection":[{"href":"https:\/\/fribourg.ch\/fr\/wp-json\/wp\/v2\/pages"}],"about":[{"href":"https:\/\/fribourg.ch\/fr\/wp-json\/wp\/v2\/types\/page"}],"author":[{"embeddable":true,"href":"https:\/\/fribourg.ch\/fr\/wp-json\/wp\/v2\/users\/1"}],"replies":[{"embeddable":true,"href":"https:\/\/fribourg.ch\/fr\/wp-json\/wp\/v2\/comments?post=217576"}],"version-history":[{"count":2,"href":"https:\/\/fribourg.ch\/fr\/wp-json\/wp\/v2\/pages\/217576\/revisions"}],"predecessor-version":[{"id":454303,"href":"https:\/\/fribourg.ch\/fr\/wp-json\/wp\/v2\/pages\/217576\/revisions\/454303"}],"wp:attachment":[{"href":"https:\/\/fribourg.ch\/fr\/wp-json\/wp\/v2\/media?parent=217576"}],"wp:term":[{"taxonomy":"region","embeddable":true,"href":"https:\/\/fribourg.ch\/fr\/wp-json\/wp\/v2\/region?post=217576"}],"curies":[{"name":"wp","href":"https:\/\/api.w.org\/{rel}","templated":true}]}}